{"id":135,"date":"2013-07-26T15:53:42","date_gmt":"2013-07-26T13:53:42","guid":{"rendered":"http:\/\/www.kiburg.de\/?page_id=135"},"modified":"2014-09-10T14:37:49","modified_gmt":"2014-09-10T12:37:49","slug":"eisenbahn","status":"publish","type":"page","link":"http:\/\/www.kiburg.de\/?page_id=135","title":{"rendered":"Eisenbahn"},"content":{"rendered":"<p><strong>S\u00e4chsisches Schmalspurbahn \u2010 Museum Rittersgr\u00fcn<\/strong><br \/>\n<a title=\"www.ssmo.de\" href=\"http:\/\/www.ssmo.de\" target=\"_blank\">www.ssmo.de<\/a> Telefon: 037757 7440<br \/>\nMail: schmalspurmuseum@freenet.de<br \/>\nKirchstr. 4<br \/>\n\u00d6ffnungszeiten: Montag geschlossen &#8211; Dienstag bis Sonntag 10:00 Uhr bis 16:00 Uhr<br \/>\nLetzter Einlass eine halbe Stunde vor Schlie\u00dfung.<br \/>\nDas Museum vermittelt Einblicke in die Geschichte des erzgebirgischen Verkehrswesens, wobei die Darstellung und Entwicklung der S\u00e4chsischen Schmalspurbahn im Mittelpunkt steht. Im Museumsgel\u00e4nde ist eine Fahrt mit der Parkbahn auf einer Strecke von ca. 1,2 km nach Voranmeldung m\u00f6glich.<\/p>\n<p><strong>Eisenbahnmuseum<\/strong> (10 km)<br \/>\n<a title=\"www.vse-eisenbahnmuseum-schwarzenberg.de\" href=\"http:\/\/www.vse-eisenbahnmuseum-schwarzenberg.de\" target=\"_blank\">www.vse-eisenbahnmuseum-schwarzenberg.de<\/a> Telefon: 03774 760760<br \/>\nin 08340 Schwarzenberg \u2013 Schneeberger Str. 60<br \/>\nzu sehen sind: Dampf- und Diesellokomotiven, historische Personen- und G\u00fcterwagen Sie bekommen einen Eindruck \u00fcber die Technik sowie das Leben und Arbeiten bei der Eisenbahn.<\/p>\n","protected":false},"excerpt":{"rendered":"<p>S\u00e4chsisches Schmalspurbahn \u2010 Museum Rittersgr\u00fcn www.ssmo.de Telefon: 037757 7440 Mail: schmalspurmuseum@freenet.de Kirchstr. 4 \u00d6ffnungszeiten: Montag geschlossen &#8211; Dienstag bis Sonntag 10:00 Uhr bis 16:00 Uhr Letzter Einlass eine halbe Stunde vor Schlie\u00dfung. Das Museum vermittelt Einblicke in die Geschichte des &hellip; <a href=\"http:\/\/www.kiburg.de\/?page_id=135\">Weiterlesen <span class=\"meta-nav\">&rarr;<\/span><\/a><\/p>\n","protected":false},"author":1,"featured_media":0,"parent":91,"menu_order":0,"comment_status":"closed","ping_status":"open","template":"onecolumn-page.php","meta":{"jetpack_post_was_ever_published":false,"footnotes":""},"class_list":["post-135","page","type-page","status-publish","hentry"],"jetpack_sharing_enabled":true,"jetpack_shortlink":"https:\/\/wp.me\/P47XH2-2b","_links":{"self":[{"href":"http:\/\/www.kiburg.de\/index.php?rest_route=\/wp\/v2\/pages\/135"}],"collection":[{"href":"http:\/\/www.kiburg.de\/index.php?rest_route=\/wp\/v2\/pages"}],"about":[{"href":"http:\/\/www.kiburg.de\/index.php?rest_route=\/wp\/v2\/types\/page"}],"author":[{"embeddable":true,"href":"http:\/\/www.kiburg.de\/index.php?rest_route=\/wp\/v2\/users\/1"}],"replies":[{"embeddable":true,"href":"http:\/\/www.kiburg.de\/index.php?rest_route=%2Fwp%2Fv2%2Fcomments&post=135"}],"version-history":[{"count":5,"href":"http:\/\/www.kiburg.de\/index.php?rest_route=\/wp\/v2\/pages\/135\/revisions"}],"predecessor-version":[{"id":713,"href":"http:\/\/www.kiburg.de\/index.php?rest_route=\/wp\/v2\/pages\/135\/revisions\/713"}],"up":[{"embeddable":true,"href":"http:\/\/www.kiburg.de\/index.php?rest_route=\/wp\/v2\/pages\/91"}],"wp:attachment":[{"href":"http:\/\/www.kiburg.de\/index.php?rest_route=%2Fwp%2Fv2%2Fmedia&parent=135"}],"curies":[{"name":"wp","href":"https:\/\/api.w.org\/{rel}","templated":true}]}}