{"id":1081,"date":"2020-09-25T22:13:19","date_gmt":"2020-09-25T20:13:19","guid":{"rendered":"http:\/\/www.kiburg.de\/?page_id=1081"},"modified":"2024-07-18T12:10:42","modified_gmt":"2024-07-18T10:10:42","slug":"tischlereimuseum-anno-1733","status":"publish","type":"page","link":"http:\/\/www.kiburg.de\/?page_id=1081","title":{"rendered":"Tischlereimuseum Anno 1766"},"content":{"rendered":"\n<p>\u00a01766 gr\u00fcndete Johann Jacob H\u00e4nel, der damalige Ortsrichter (B\u00fcrgermeister) von Rittersgr\u00fcn, die erste Tischlerei des Kreises Schwarzenberg, die von Generation zu Generation weitergegeben wurde. War es anfangs vorwiegend die Herstellung von M\u00f6beln, entstanden zuletzt zahlreiche selbstentworfene kunsthandwerkliche Gegenst\u00e4nde. Als der letzte Meister 1991 dann in den Ruhestand trat, gingen 225 Jahre famili\u00e4re Tischlertradition zu Ende.<\/p>\n<p>Der Maschinenraum der Tischlerei beherbergt sieben typische Tischlereimaschinen. Die ersten Maschinen kamen mit der Fertigstellung der Bahn nach Rittersgr\u00fcn und waren wohl ab 1890 im Einsatz. Die teilweise \u00fcber 130 Jahre alten Holzbearbeitungsmaschinen, sind bis heute in ihrem vollem funktionalen Zustand gut erhalten. Per <a href=\"https:\/\/de.wikipedia.org\/wiki\/Transmission_(Maschinenbau)\">Transmissions<\/a>-Gruppenantrieb werden sechs Tischlereimaschinen \u00fcber einen zentralen Motor, Lederriemen, Riemenscheiben und Wellen angetrieben. Zu diesen sechs Transmissionsmaschinen geh\u00f6ren eine Formattischkreiss\u00e4ge und Langlochbohrmaschine von Lorenz &amp; Kirsten B\u00f6hlitz-Ehrenberg bei Leipzig, eine Bands\u00e4ge (Hersteller unbekannt), ein Dickenhobel und eine Tischfr\u00e4se von Saxonia Chemnitz und ein Abrichthobel von Hainsberger Maschinenfabrik Ernst Grafe Hainsberg &#8211; Dresden. Die Modernisierung auf den eltektrischen Motor erfolgte dann 1912, als Rittersgr\u00fcn Anschlu\u00df an das Elektritzit\u00e4tsnetz erhielt. Die Jahre vorher wurden sie noch mit Dampfmaschine angetrieben. Die siebte und letzte gr\u00f6\u00dfere Anschaffung war eine Kopierfr\u00e4se mit Direktantrieb von Else und Hess. Diese Kopierfr\u00e4se stammt etwa aus den 1930er Jahren.<\/p>\n<p>Im weiteren verm\u00e4chtnis des Museums befinden sich drei Lehrb\u00fccher f\u00fcr Tischler von Flocken f\u00fcr die Berufsschule. Diese Serie war das Standartwerk von 1947 ab f\u00fcr die Tischlerlehrlinge. Reinhold Kaufmann der letzte Tischlermeister hinterlie\u00df seine Lehrb\u00fccher im Umgang vor allem mit den alten Maschinen. Im dritten Teil der Lehrbuchreihe ist gut beschrieben, wie der Umgang mit Transmissionsmaschinen zu erfolgen hat und was man ber\u00fccksichtigen sollte.<\/p>\n\n\n\n<figure class=\"wp-block-image size-large\"><a href=\"http:\/\/www.kiburg.de\/wp-content\/uploads\/2024\/07\/UNADJUSTEDNONRAW_thumb_9a39.jpg\"><img loading=\"lazy\" decoding=\"async\" width=\"1024\" height=\"576\" src=\"http:\/\/www.kiburg.de\/wp-content\/uploads\/2024\/07\/UNADJUSTEDNONRAW_thumb_9a39-1024x576.jpg\" alt=\"\" class=\"wp-image-1167\" srcset=\"http:\/\/www.kiburg.de\/wp-content\/uploads\/2024\/07\/UNADJUSTEDNONRAW_thumb_9a39-1024x576.jpg 1024w, http:\/\/www.kiburg.de\/wp-content\/uploads\/2024\/07\/UNADJUSTEDNONRAW_thumb_9a39-300x169.jpg 300w, http:\/\/www.kiburg.de\/wp-content\/uploads\/2024\/07\/UNADJUSTEDNONRAW_thumb_9a39-768x432.jpg 768w, http:\/\/www.kiburg.de\/wp-content\/uploads\/2024\/07\/UNADJUSTEDNONRAW_thumb_9a39.jpg 1182w\" sizes=\"(max-width: 1024px) 100vw, 1024px\" \/><\/a><\/figure>\n\n\n\n<p>Leipziger Holzbearbeitungsmaschinen-Fabrik Lorenz &amp; Kirsten<br>Werke:  B\u00f6hlitz-Ehrenberg bei Leipzig<\/p>\n\n\n\n<figure class=\"wp-block-image size-full\"><a href=\"http:\/\/www.kiburg.de\/wp-content\/uploads\/2024\/07\/LorenzKirsten.png\"><img loading=\"lazy\" decoding=\"async\" width=\"765\" height=\"389\" src=\"http:\/\/www.kiburg.de\/wp-content\/uploads\/2024\/07\/LorenzKirsten.png\" alt=\"\" class=\"wp-image-1201\" srcset=\"http:\/\/www.kiburg.de\/wp-content\/uploads\/2024\/07\/LorenzKirsten.png 765w, http:\/\/www.kiburg.de\/wp-content\/uploads\/2024\/07\/LorenzKirsten-300x153.png 300w\" sizes=\"(max-width: 765px) 100vw, 765px\" \/><\/a><\/figure>\n\n\n\n<p>Aus diesem Werke stammen die Formattischkreiss\u00e4ge und die Langlochbohrmaschine<\/p>\n\n\n\n<figure class=\"wp-block-image size-full\"><a href=\"http:\/\/www.kiburg.de\/wp-content\/uploads\/2024\/07\/UNADJUSTEDNONRAW_thumb_9a2c.jpg\"><img loading=\"lazy\" decoding=\"async\" width=\"1024\" height=\"768\" src=\"http:\/\/www.kiburg.de\/wp-content\/uploads\/2024\/07\/UNADJUSTEDNONRAW_thumb_9a2c.jpg\" alt=\"\" class=\"wp-image-1160\" srcset=\"http:\/\/www.kiburg.de\/wp-content\/uploads\/2024\/07\/UNADJUSTEDNONRAW_thumb_9a2c.jpg 1024w, http:\/\/www.kiburg.de\/wp-content\/uploads\/2024\/07\/UNADJUSTEDNONRAW_thumb_9a2c-300x225.jpg 300w, http:\/\/www.kiburg.de\/wp-content\/uploads\/2024\/07\/UNADJUSTEDNONRAW_thumb_9a2c-768x576.jpg 768w\" sizes=\"(max-width: 1024px) 100vw, 1024px\" \/><\/a><\/figure>\n\n\n\n<p>Aus dem Werke Saxonia Chemnitz stammen der Dickenhobel und die Tischfr\u00e4se<\/p>\n\n\n\n<figure class=\"wp-block-image size-full\"><a href=\"http:\/\/www.kiburg.de\/wp-content\/uploads\/2024\/07\/UNADJUSTEDNONRAW_thumb_9a37.jpg\"><img loading=\"lazy\" decoding=\"async\" width=\"1024\" height=\"768\" src=\"http:\/\/www.kiburg.de\/wp-content\/uploads\/2024\/07\/UNADJUSTEDNONRAW_thumb_9a37.jpg\" alt=\"\" class=\"wp-image-1158\" srcset=\"http:\/\/www.kiburg.de\/wp-content\/uploads\/2024\/07\/UNADJUSTEDNONRAW_thumb_9a37.jpg 1024w, http:\/\/www.kiburg.de\/wp-content\/uploads\/2024\/07\/UNADJUSTEDNONRAW_thumb_9a37-300x225.jpg 300w, http:\/\/www.kiburg.de\/wp-content\/uploads\/2024\/07\/UNADJUSTEDNONRAW_thumb_9a37-768x576.jpg 768w\" sizes=\"(max-width: 1024px) 100vw, 1024px\" \/><\/a><figcaption class=\"wp-element-caption\">Dies ist eine Abricht- und Dickenhobelmaschine des Herstellers Ernst Grafe<\/figcaption><\/figure>\n\n\n\n<p>Aus der Hainsberger Maschinenfabrik Ernst Grafe in Hainsberg bei Dresden stammt der Abrichthobel. Diese Firma exsistierte von 1919 bis 1924.<\/p>\n\n\n\n<p>Der Hersteller der Bands\u00e4ge ist aktuell unbekannt.<\/p>\n\n\n\n<figure class=\"wp-block-gallery has-nested-images columns-default is-cropped wp-block-gallery-1 is-layout-flex wp-block-gallery-is-layout-flex\">\n<figure class=\"wp-block-image size-large\"><a href=\"http:\/\/www.kiburg.de\/wp-content\/uploads\/2024\/07\/LorenzKirsten2.png\"><img loading=\"lazy\" decoding=\"async\" width=\"1024\" height=\"397\" data-id=\"1203\" src=\"http:\/\/www.kiburg.de\/wp-content\/uploads\/2024\/07\/LorenzKirsten2-1024x397.png\" alt=\"\" class=\"wp-image-1203\" srcset=\"http:\/\/www.kiburg.de\/wp-content\/uploads\/2024\/07\/LorenzKirsten2-1024x397.png 1024w, http:\/\/www.kiburg.de\/wp-content\/uploads\/2024\/07\/LorenzKirsten2-300x116.png 300w, http:\/\/www.kiburg.de\/wp-content\/uploads\/2024\/07\/LorenzKirsten2-768x298.png 768w, http:\/\/www.kiburg.de\/wp-content\/uploads\/2024\/07\/LorenzKirsten2.png 1080w\" sizes=\"(max-width: 1024px) 100vw, 1024px\" \/><\/a><\/figure>\n\n\n\n<figure class=\"wp-block-image size-large\"><a href=\"http:\/\/www.kiburg.de\/wp-content\/uploads\/2024\/07\/LorenzKirsten.png\"><img loading=\"lazy\" decoding=\"async\" width=\"765\" height=\"389\" data-id=\"1201\" src=\"http:\/\/www.kiburg.de\/wp-content\/uploads\/2024\/07\/LorenzKirsten.png\" alt=\"\" class=\"wp-image-1201\" srcset=\"http:\/\/www.kiburg.de\/wp-content\/uploads\/2024\/07\/LorenzKirsten.png 765w, http:\/\/www.kiburg.de\/wp-content\/uploads\/2024\/07\/LorenzKirsten-300x153.png 300w\" sizes=\"(max-width: 765px) 100vw, 765px\" \/><\/a><\/figure>\n\n\n\n<figure class=\"wp-block-image size-large\"><a href=\"http:\/\/www.kiburg.de\/wp-content\/uploads\/2024\/07\/9KsK9w3WRYy00xvlHqRj6w_thumb_9a38.jpg\"><img loading=\"lazy\" decoding=\"async\" width=\"1024\" height=\"768\" data-id=\"1166\" src=\"http:\/\/www.kiburg.de\/wp-content\/uploads\/2024\/07\/9KsK9w3WRYy00xvlHqRj6w_thumb_9a38.jpg\" alt=\"\" class=\"wp-image-1166\" srcset=\"http:\/\/www.kiburg.de\/wp-content\/uploads\/2024\/07\/9KsK9w3WRYy00xvlHqRj6w_thumb_9a38.jpg 1024w, http:\/\/www.kiburg.de\/wp-content\/uploads\/2024\/07\/9KsK9w3WRYy00xvlHqRj6w_thumb_9a38-300x225.jpg 300w, http:\/\/www.kiburg.de\/wp-content\/uploads\/2024\/07\/9KsK9w3WRYy00xvlHqRj6w_thumb_9a38-768x576.jpg 768w\" sizes=\"(max-width: 1024px) 100vw, 1024px\" \/><\/a><\/figure>\n\n\n\n<figure class=\"wp-block-image size-large\"><a href=\"http:\/\/www.kiburg.de\/wp-content\/uploads\/2024\/07\/IMG_1086-2-scaled.jpeg\"><img loading=\"lazy\" decoding=\"async\" width=\"1024\" height=\"768\" data-id=\"1165\" src=\"http:\/\/www.kiburg.de\/wp-content\/uploads\/2024\/07\/IMG_1086-2-1024x768.jpeg\" alt=\"\" class=\"wp-image-1165\" srcset=\"http:\/\/www.kiburg.de\/wp-content\/uploads\/2024\/07\/IMG_1086-2-1024x768.jpeg 1024w, http:\/\/www.kiburg.de\/wp-content\/uploads\/2024\/07\/IMG_1086-2-300x225.jpeg 300w, http:\/\/www.kiburg.de\/wp-content\/uploads\/2024\/07\/IMG_1086-2-768x576.jpeg 768w, http:\/\/www.kiburg.de\/wp-content\/uploads\/2024\/07\/IMG_1086-2-1536x1152.jpeg 1536w, http:\/\/www.kiburg.de\/wp-content\/uploads\/2024\/07\/IMG_1086-2-2048x1536.jpeg 2048w\" sizes=\"(max-width: 1024px) 100vw, 1024px\" \/><\/a><\/figure>\n\n\n\n<figure class=\"wp-block-image size-large\"><a href=\"http:\/\/www.kiburg.de\/wp-content\/uploads\/2024\/07\/AF5txuESYiM7VRlxlQJHg_thumb_9a2d.jpg\"><img loading=\"lazy\" decoding=\"async\" width=\"1024\" height=\"438\" data-id=\"1161\" src=\"http:\/\/www.kiburg.de\/wp-content\/uploads\/2024\/07\/AF5txuESYiM7VRlxlQJHg_thumb_9a2d-1024x438.jpg\" alt=\"\" class=\"wp-image-1161\" srcset=\"http:\/\/www.kiburg.de\/wp-content\/uploads\/2024\/07\/AF5txuESYiM7VRlxlQJHg_thumb_9a2d-1024x438.jpg 1024w, http:\/\/www.kiburg.de\/wp-content\/uploads\/2024\/07\/AF5txuESYiM7VRlxlQJHg_thumb_9a2d-300x128.jpg 300w, http:\/\/www.kiburg.de\/wp-content\/uploads\/2024\/07\/AF5txuESYiM7VRlxlQJHg_thumb_9a2d-768x328.jpg 768w, http:\/\/www.kiburg.de\/wp-content\/uploads\/2024\/07\/AF5txuESYiM7VRlxlQJHg_thumb_9a2d.jpg 1355w\" sizes=\"(max-width: 1024px) 100vw, 1024px\" \/><\/a><\/figure>\n\n\n\n<figure class=\"wp-block-image size-large\"><a href=\"http:\/\/www.kiburg.de\/wp-content\/uploads\/2024\/07\/UNADJUSTEDNONRAW_thumb_9a2c.jpg\"><img loading=\"lazy\" decoding=\"async\" width=\"1024\" height=\"768\" data-id=\"1160\" src=\"http:\/\/www.kiburg.de\/wp-content\/uploads\/2024\/07\/UNADJUSTEDNONRAW_thumb_9a2c.jpg\" alt=\"\" class=\"wp-image-1160\" srcset=\"http:\/\/www.kiburg.de\/wp-content\/uploads\/2024\/07\/UNADJUSTEDNONRAW_thumb_9a2c.jpg 1024w, http:\/\/www.kiburg.de\/wp-content\/uploads\/2024\/07\/UNADJUSTEDNONRAW_thumb_9a2c-300x225.jpg 300w, http:\/\/www.kiburg.de\/wp-content\/uploads\/2024\/07\/UNADJUSTEDNONRAW_thumb_9a2c-768x576.jpg 768w\" sizes=\"(max-width: 1024px) 100vw, 1024px\" \/><\/a><\/figure>\n\n\n\n<figure class=\"wp-block-image size-large\"><a href=\"http:\/\/www.kiburg.de\/wp-content\/uploads\/2024\/07\/UNADJUSTEDNONRAW_thumb_9a37.jpg\"><img loading=\"lazy\" decoding=\"async\" width=\"1024\" height=\"768\" data-id=\"1158\" src=\"http:\/\/www.kiburg.de\/wp-content\/uploads\/2024\/07\/UNADJUSTEDNONRAW_thumb_9a37.jpg\" alt=\"\" class=\"wp-image-1158\" srcset=\"http:\/\/www.kiburg.de\/wp-content\/uploads\/2024\/07\/UNADJUSTEDNONRAW_thumb_9a37.jpg 1024w, http:\/\/www.kiburg.de\/wp-content\/uploads\/2024\/07\/UNADJUSTEDNONRAW_thumb_9a37-300x225.jpg 300w, http:\/\/www.kiburg.de\/wp-content\/uploads\/2024\/07\/UNADJUSTEDNONRAW_thumb_9a37-768x576.jpg 768w\" sizes=\"(max-width: 1024px) 100vw, 1024px\" \/><\/a><figcaption class=\"wp-element-caption\">Dies ist eine Abricht- und Dickenhobelmaschine des Herstellers Ernst Grafe<\/figcaption><\/figure>\n<\/figure>\n\n\n\n<p>Neben dem Maschinenraum befindet sich der Schleifmaschinenraum mit einem Band- und Tellerschleifer. Diese beiden Maschinen werden ebenso per Transmission angetrieben.<\/p>\n","protected":false},"excerpt":{"rendered":"<p>\u00a01766 gr\u00fcndete Johann Jacob H\u00e4nel, der damalige Ortsrichter (B\u00fcrgermeister) von Rittersgr\u00fcn, die erste Tischlerei des Kreises Schwarzenberg, die von Generation zu Generation weitergegeben wurde. War es anfangs vorwiegend die Herstellung von M\u00f6beln, entstanden zuletzt zahlreiche selbstentworfene kunsthandwerkliche Gegenst\u00e4nde. Als der &hellip; <a href=\"http:\/\/www.kiburg.de\/?page_id=1081\">Weiterlesen <span class=\"meta-nav\">&rarr;<\/span><\/a><\/p>\n","protected":false},"author":1,"featured_media":0,"parent":0,"menu_order":0,"comment_status":"closed","ping_status":"closed","template":"onecolumn-page.php","meta":{"jetpack_post_was_ever_published":false,"footnotes":""},"class_list":["post-1081","page","type-page","status-publish","hentry"],"jetpack_sharing_enabled":true,"jetpack_shortlink":"https:\/\/wp.me\/P47XH2-hr","_links":{"self":[{"href":"http:\/\/www.kiburg.de\/index.php?rest_route=\/wp\/v2\/pages\/1081"}],"collection":[{"href":"http:\/\/www.kiburg.de\/index.php?rest_route=\/wp\/v2\/pages"}],"about":[{"href":"http:\/\/www.kiburg.de\/index.php?rest_route=\/wp\/v2\/types\/page"}],"author":[{"embeddable":true,"href":"http:\/\/www.kiburg.de\/index.php?rest_route=\/wp\/v2\/users\/1"}],"replies":[{"embeddable":true,"href":"http:\/\/www.kiburg.de\/index.php?rest_route=%2Fwp%2Fv2%2Fcomments&post=1081"}],"version-history":[{"count":32,"href":"http:\/\/www.kiburg.de\/index.php?rest_route=\/wp\/v2\/pages\/1081\/revisions"}],"predecessor-version":[{"id":1213,"href":"http:\/\/www.kiburg.de\/index.php?rest_route=\/wp\/v2\/pages\/1081\/revisions\/1213"}],"wp:attachment":[{"href":"http:\/\/www.kiburg.de\/index.php?rest_route=%2Fwp%2Fv2%2Fmedia&parent=1081"}],"curies":[{"name":"wp","href":"https:\/\/api.w.org\/{rel}","templated":true}]}}